{"id":996,"date":"2025-02-18T16:05:27","date_gmt":"2025-02-18T15:05:27","guid":{"rendered":"https:\/\/www.campings-treport.com\/camping-letreport\/alentours-camping-du-parc-international-du-golf-le-treport-normandie-2-2\/"},"modified":"2026-03-27T14:57:47","modified_gmt":"2026-03-27T13:57:47","slug":"situation-camping-du-parc-international-du-golf-le-treport-normandie","status":"publish","type":"page","link":"https:\/\/www.campings-treport.com\/camping-letreport\/situation-camping-du-parc-international-du-golf-le-treport-normandie\/","title":{"rendered":"Situation"},"content":{"rendered":"\t\t<div data-elementor-type=\"wp-page\" data-elementor-id=\"996\" class=\"elementor elementor-996\" data-elementor-post-type=\"page\">\n\t\t\t\t<div class=\"elementor-element elementor-element-2a2309a0 e-con-full e-flex wpr-particle-no wpr-jarallax-no wpr-parallax-no wpr-sticky-section-no wpr-equal-height-no e-con e-parent\" data-id=\"2a2309a0\" data-element_type=\"container\" data-e-type=\"container\" data-settings=\"{&quot;background_background&quot;:&quot;slideshow&quot;,&quot;background_slideshow_gallery&quot;:[{&quot;id&quot;:932,&quot;url&quot;:&quot;https:\\\/\\\/www.campings-treport.com\\\/camping-letreport\\\/wp-content\\\/uploads\\\/2025\\\/02\\\/Camping-parc-international-du-golf-treport-16-scaled.jpg&quot;}],&quot;background_slideshow_loop&quot;:&quot;yes&quot;,&quot;background_slideshow_slide_duration&quot;:5000,&quot;background_slideshow_slide_transition&quot;:&quot;fade&quot;,&quot;background_slideshow_transition_duration&quot;:500}\">\n\t\t<div class=\"elementor-element elementor-element-5b5546d6 e-con-full animated-slow e-flex wpr-particle-no wpr-jarallax-no wpr-parallax-no wpr-sticky-section-no wpr-equal-height-no elementor-invisible e-con e-child\" data-id=\"5b5546d6\" data-element_type=\"container\" data-e-type=\"container\" data-settings=\"{&quot;background_background&quot;:&quot;classic&quot;,&quot;animation&quot;:&quot;fadeInRight&quot;}\">\n\t\t\t\t<div class=\"elementor-element elementor-element-dd6e838 elementor-widget elementor-widget-heading\" data-id=\"dd6e838\" data-element_type=\"widget\" data-e-type=\"widget\" data-widget_type=\"heading.default\">\n\t\t\t\t<div class=\"elementor-widget-container\">\n\t\t\t\t\t<h2 class=\"elementor-heading-title elementor-size-default\"><a href=\"https:\/\/www.campings-treport.com\/camping-letreport\/emplacements-camping-du-parc-international-du-golf-le-treport-normandie\/\">Situation &amp; Acc\u00e8s<\/a><\/h2>\t\t\t\t<\/div>\n\t\t\t\t<\/div>\n\t\t\t\t<\/div>\n\t\t\t\t<\/div>\n\t\t<div class=\"elementor-element elementor-element-efd6584 e-flex e-con-boxed wpr-particle-no wpr-jarallax-no wpr-parallax-no wpr-sticky-section-no wpr-equal-height-no e-con e-parent\" data-id=\"efd6584\" data-element_type=\"container\" data-e-type=\"container\">\n\t\t\t\t\t<div class=\"e-con-inner\">\n\t\t\t\t<div class=\"elementor-element elementor-element-7572ad8 elementor-widget elementor-widget-heading\" data-id=\"7572ad8\" data-element_type=\"widget\" data-e-type=\"widget\" data-widget_type=\"heading.default\">\n\t\t\t\t<div class=\"elementor-widget-container\">\n\t\t\t\t\t<h2 class=\"elementor-heading-title elementor-size-default\">Un emplacement d\u2019exception entre ciel et mer<\/h2>\t\t\t\t<\/div>\n\t\t\t\t<\/div>\n\t\t\t\t<div class=\"elementor-element elementor-element-f968737 elementor-widget__width-initial elementor-widget elementor-widget-text-editor\" data-id=\"f968737\" data-element_type=\"widget\" data-e-type=\"widget\" data-widget_type=\"text-editor.default\">\n\t\t\t\t<div class=\"elementor-widget-container\">\n\t\t\t\t\t\t\t\t\t<p>Notre camping est situ\u00e9 sur les hauteurs du Tr\u00e9port, dans un environnement calme et arbor\u00e9.<br \/>Facile d&rsquo;acc\u00e8s, il constitue un point de d\u00e9part id\u00e9al pour partir \u00e0 la d\u00e9couverte de la c\u00f4te normande.<\/p>\t\t\t\t\t\t\t\t<\/div>\n\t\t\t\t<\/div>\n\t\t\t\t\t<\/div>\n\t\t\t\t<\/div>\n\t\t<div class=\"elementor-element elementor-element-148dd80a e-flex e-con-boxed wpr-particle-no wpr-jarallax-no wpr-parallax-no wpr-sticky-section-no wpr-equal-height-no e-con e-parent\" data-id=\"148dd80a\" data-element_type=\"container\" data-e-type=\"container\" data-settings=\"{&quot;background_background&quot;:&quot;classic&quot;}\">\n\t\t\t\t\t<div class=\"e-con-inner\">\n\t\t<div class=\"elementor-element elementor-element-61d2d786 e-con-full e-flex wpr-particle-no wpr-jarallax-no wpr-parallax-no wpr-sticky-section-no wpr-equal-height-no e-con e-child\" data-id=\"61d2d786\" data-element_type=\"container\" data-e-type=\"container\">\n\t\t<div class=\"elementor-element elementor-element-23aea6e8 e-con-full animated-slow e-flex wpr-particle-no wpr-jarallax-no wpr-parallax-no wpr-sticky-section-no wpr-equal-height-no elementor-invisible e-con e-child\" data-id=\"23aea6e8\" data-element_type=\"container\" data-e-type=\"container\" data-settings=\"{&quot;background_background&quot;:&quot;classic&quot;,&quot;animation&quot;:&quot;fadeInLeft&quot;}\">\n\t\t\t\t<div class=\"elementor-element elementor-element-b79487d elementor-invisible elementor-widget elementor-widget-image-box\" data-id=\"b79487d\" data-element_type=\"widget\" data-e-type=\"widget\" data-settings=\"{&quot;_animation&quot;:&quot;slideInLeft&quot;}\" data-widget_type=\"image-box.default\">\n\t\t\t\t<div class=\"elementor-widget-container\">\n\t\t\t\t\t<div class=\"elementor-image-box-wrapper\"><div class=\"elementor-image-box-content\"><h4 class=\"elementor-image-box-title\">Adresse du camping<\/h4><p class=\"elementor-image-box-description\">Camping du Parc International du Golf<br>\n102 route de Dieppe<br>\n76470 Le Tr\u00e9port<br>\nFrance<\/p><\/div><\/div>\t\t\t\t<\/div>\n\t\t\t\t<\/div>\n\t\t\t\t<div class=\"elementor-element elementor-element-1667259 elementor-position-left elementor-vertical-align-middle elementor-position-left elementor-widget elementor-widget-image-box\" data-id=\"1667259\" data-element_type=\"widget\" data-e-type=\"widget\" data-widget_type=\"image-box.default\">\n\t\t\t\t<div class=\"elementor-widget-container\">\n\t\t\t\t\t<div class=\"elementor-image-box-wrapper\"><figure class=\"elementor-image-box-img\"><img fetchpriority=\"high\" decoding=\"async\" width=\"256\" height=\"256\" src=\"https:\/\/www.campings-treport.com\/camping-letreport\/wp-content\/uploads\/2025\/03\/043-trail.png\" class=\"attachment-full size-full wp-image-1051\" alt=\"\" srcset=\"https:\/\/www.campings-treport.com\/camping-letreport\/wp-content\/uploads\/2025\/03\/043-trail.png 256w, https:\/\/www.campings-treport.com\/camping-letreport\/wp-content\/uploads\/2025\/03\/043-trail-150x150.png 150w\" sizes=\"(max-width: 256px) 100vw, 256px\" \/><\/figure><div class=\"elementor-image-box-content\"><h4 class=\"elementor-image-box-title\">Les coordonn\u00e9es GPS <br>du camping sont :<\/h4><p class=\"elementor-image-box-description\"><strong>Latitude <\/strong>: 50.051742009843\u200b <br>\n<strong>Longitude<\/strong> : 1.367514962967<\/p><\/div><\/div>\t\t\t\t<\/div>\n\t\t\t\t<\/div>\n\t\t\t\t<\/div>\n\t\t\t\t<div class=\"elementor-element elementor-element-76cad370 elementor-widget elementor-widget-image\" data-id=\"76cad370\" data-element_type=\"widget\" data-e-type=\"widget\" data-widget_type=\"image.default\">\n\t\t\t\t<div class=\"elementor-widget-container\">\n\t\t\t\t\t\t\t\t\t\t\t\t\t\t\t<img decoding=\"async\" width=\"640\" height=\"374\" src=\"https:\/\/www.campings-treport.com\/camping-letreport\/wp-content\/uploads\/2025\/03\/93345c.webp\" class=\"attachment-full size-full wp-image-1125\" alt=\"\" srcset=\"https:\/\/www.campings-treport.com\/camping-letreport\/wp-content\/uploads\/2025\/03\/93345c.webp 640w, https:\/\/www.campings-treport.com\/camping-letreport\/wp-content\/uploads\/2025\/03\/93345c-300x175.webp 300w\" sizes=\"(max-width: 640px) 100vw, 640px\" \/>\t\t\t\t\t\t\t\t\t\t\t\t\t\t\t<\/div>\n\t\t\t\t<\/div>\n\t\t\t\t<\/div>\n\t\t<div class=\"elementor-element elementor-element-74c2cd4d e-con-full e-flex wpr-particle-no wpr-jarallax-no wpr-parallax-no wpr-sticky-section-no wpr-equal-height-no e-con e-child\" data-id=\"74c2cd4d\" data-element_type=\"container\" data-e-type=\"container\">\n\t\t\t\t<div class=\"elementor-element elementor-element-2e85e1f elementor-invisible elementor-widget elementor-widget-image-box\" data-id=\"2e85e1f\" data-element_type=\"widget\" data-e-type=\"widget\" data-settings=\"{&quot;_animation&quot;:&quot;slideInLeft&quot;}\" data-widget_type=\"image-box.default\">\n\t\t\t\t<div class=\"elementor-widget-container\">\n\t\t\t\t\t<div class=\"elementor-image-box-wrapper\"><div class=\"elementor-image-box-content\"><h4 class=\"elementor-image-box-title\">Comment venir au camping ?<\/h4><p class=\"elementor-image-box-description\">\ud83d\ude97 <strong>En voiture<\/strong><br>Depuis Paris : environ 2h30 via l\u2019A16.\n<br>Depuis Rouen : environ 1h30 via l\u2019A28 et la D925.\n<br>Depuis Amiens : environ 1h15 via l\u2019A28.\nUn parking est disponible \u00e0 l\u2019entr\u00e9e du camping.<br>\n\ud83d\ude82 <strong>En train<\/strong><br>\n\nGare SNCF du Tr\u00e9port-Mers-les-Bains, situ\u00e9e \u00e0 quelques minutes du camping.\nDes liaisons directes sont possibles depuis Paris (via Beauvais ou Abbeville) et Rouen.\nUne fois arriv\u00e9 \u00e0 la gare, vous pouvez prendre un taxi ou utiliser les transports locaux pour rejoindre le camping.\n<br><strong>\ud83d\ude8c En bus<\/strong><br>\n\nDes lignes de bus r\u00e9guli\u00e8res desservent la r\u00e9gion et permettent d\u2019acc\u00e9der facilement au camping depuis Le Tr\u00e9port, Dieppe ou Abbeville.<br>\n<strong>\u2708 En avion<\/strong>\n\n<br>A\u00e9roport de Beauvais-Till\u00e9 (\u00e0 environ 1h30 en voiture).\n<br>A\u00e9roport de Rouen Vall\u00e9e de Seine (\u00e0 environ 1h40).<\/p><\/div><\/div>\t\t\t\t<\/div>\n\t\t\t\t<\/div>\n\t\t\t\t<\/div>\n\t\t\t\t\t<\/div>\n\t\t\t\t<\/div>\n\t\t<div class=\"elementor-element elementor-element-21585c47 e-flex e-con-boxed wpr-particle-no wpr-jarallax-no wpr-parallax-no wpr-sticky-section-no wpr-equal-height-no e-con e-parent\" data-id=\"21585c47\" data-element_type=\"container\" data-e-type=\"container\">\n\t\t\t\t\t<div class=\"e-con-inner\">\n\t\t<div class=\"elementor-element elementor-element-5068a1cf e-con-full animated-slow e-flex wpr-particle-no wpr-jarallax-no wpr-parallax-no wpr-sticky-section-no wpr-equal-height-no elementor-invisible e-con e-child\" data-id=\"5068a1cf\" data-element_type=\"container\" data-e-type=\"container\" data-settings=\"{&quot;animation&quot;:&quot;fadeIn&quot;}\">\n\t\t\t\t<div class=\"elementor-element elementor-element-5123106 elementor-widget elementor-widget-google_maps\" data-id=\"5123106\" data-element_type=\"widget\" data-e-type=\"widget\" data-widget_type=\"google_maps.default\">\n\t\t\t\t<div class=\"elementor-widget-container\">\n\t\t\t\t\t\t\t<div class=\"elementor-custom-embed\">\n\t\t\t<iframe loading=\"lazy\"\n\t\t\t\t\tsrc=\"https:\/\/maps.google.com\/maps?q=Le%20Camping%20du%20Parc%20International%20du%20Golf%20102%20route%20de%20dieppe%2076470%20le%20treport&#038;t=m&#038;z=16&#038;output=embed&#038;iwloc=near\"\n\t\t\t\t\ttitle=\"Le Camping du Parc International du Golf 102 route de dieppe 76470 le treport\"\n\t\t\t\t\taria-label=\"Le Camping du Parc International du Golf 102 route de dieppe 76470 le treport\"\n\t\t\t><\/iframe>\n\t\t<\/div>\n\t\t\t\t\t\t<\/div>\n\t\t\t\t<\/div>\n\t\t\t\t<\/div>\n\t\t\t\t\t<\/div>\n\t\t\t\t<\/div>\n\t\t<div class=\"elementor-element elementor-element-2a3f2f6c e-flex e-con-boxed wpr-particle-no wpr-jarallax-no wpr-parallax-no wpr-sticky-section-no wpr-equal-height-no e-con e-parent\" data-id=\"2a3f2f6c\" data-element_type=\"container\" data-e-type=\"container\" data-settings=\"{&quot;background_background&quot;:&quot;classic&quot;}\">\n\t\t\t\t\t<div class=\"e-con-inner\">\n\t\t<div class=\"elementor-element elementor-element-4c4c7cfb e-con-full e-flex wpr-particle-no wpr-jarallax-no wpr-parallax-no wpr-sticky-section-no wpr-equal-height-no e-con e-child\" data-id=\"4c4c7cfb\" data-element_type=\"container\" data-e-type=\"container\">\n\t\t\t\t<div class=\"elementor-element elementor-element-5d7d750 elementor-widget elementor-widget-heading\" data-id=\"5d7d750\" data-element_type=\"widget\" data-e-type=\"widget\" data-widget_type=\"heading.default\">\n\t\t\t\t<div class=\"elementor-widget-container\">\n\t\t\t\t\t<h2 class=\"elementor-heading-title elementor-size-default\">prenez contact<\/h2>\t\t\t\t<\/div>\n\t\t\t\t<\/div>\n\t\t\t\t<div class=\"elementor-element elementor-element-9c18fb6 elementor-widget elementor-widget-text-editor\" data-id=\"9c18fb6\" data-element_type=\"widget\" data-e-type=\"widget\" data-widget_type=\"text-editor.default\">\n\t\t\t\t<div class=\"elementor-widget-container\">\n\t\t\t\t\t\t\t\t\t<p>Vous avez une question ?<br \/>Vous souhaitez r\u00e9server un emplacement ou un mobil-home ?<br \/>N&rsquo;h\u00e9sitez pas \u00e0 nous contacter !<\/p>\t\t\t\t\t\t\t\t<\/div>\n\t\t\t\t<\/div>\n\t\t\t\t<\/div>\n\t\t<div class=\"elementor-element elementor-element-112878dd e-con-full animated-slow e-flex wpr-particle-no wpr-jarallax-no wpr-parallax-no wpr-sticky-section-no wpr-equal-height-no elementor-invisible e-con e-child\" data-id=\"112878dd\" data-element_type=\"container\" data-e-type=\"container\" data-settings=\"{&quot;animation&quot;:&quot;fadeInRight&quot;}\">\n\t\t\t\t<div class=\"elementor-element elementor-element-58083e3 elementor-align-left elementor-widget elementor-widget-button\" data-id=\"58083e3\" data-element_type=\"widget\" data-e-type=\"widget\" data-widget_type=\"button.default\">\n\t\t\t\t<div class=\"elementor-widget-container\">\n\t\t\t\t\t\t\t\t\t<div class=\"elementor-button-wrapper\">\n\t\t\t\t\t<a class=\"elementor-button elementor-button-link elementor-size-sm\" href=\"#\">\n\t\t\t\t\t\t<span class=\"elementor-button-content-wrapper\">\n\t\t\t\t\t\t\t\t\t<span class=\"elementor-button-text\">R\u00c9SERVEZ<\/span>\n\t\t\t\t\t<\/span>\n\t\t\t\t\t<\/a>\n\t\t\t\t<\/div>\n\t\t\t\t\t\t\t\t<\/div>\n\t\t\t\t<\/div>\n\t\t\t\t<\/div>\n\t\t\t\t\t<\/div>\n\t\t\t\t<\/div>\n\t\t<div class=\"elementor-element elementor-element-c5610a8 e-flex e-con-boxed wpr-particle-no wpr-jarallax-no wpr-parallax-no wpr-sticky-section-no wpr-equal-height-no e-con e-parent\" data-id=\"c5610a8\" data-element_type=\"container\" data-e-type=\"container\">\n\t\t\t\t\t<div class=\"e-con-inner\">\n\t\t<div class=\"elementor-element elementor-element-178d31a e-con-full e-flex wpr-particle-no wpr-jarallax-no wpr-parallax-no wpr-sticky-section-no wpr-equal-height-no e-con e-child\" data-id=\"178d31a\" data-element_type=\"container\" data-e-type=\"container\">\n\t\t\t\t<div class=\"elementor-element elementor-element-0a547b9 elementor-view-default elementor-widget elementor-widget-icon\" data-id=\"0a547b9\" data-element_type=\"widget\" data-e-type=\"widget\" data-widget_type=\"icon.default\">\n\t\t\t\t<div class=\"elementor-widget-container\">\n\t\t\t\t\t\t\t<div class=\"elementor-icon-wrapper\">\n\t\t\t<a class=\"elementor-icon\" href=\"https:\/\/www.facebook.com\/profile.php?id=61559881755537\" target=\"_blank\">\n\t\t\t<svg aria-hidden=\"true\" class=\"e-font-icon-svg e-fab-facebook-f\" viewBox=\"0 0 320 512\" xmlns=\"http:\/\/www.w3.org\/2000\/svg\"><path d=\"M279.14 288l14.22-92.66h-88.91v-60.13c0-25.35 12.42-50.06 52.24-50.06h40.42V6.26S260.43 0 225.36 0c-73.22 0-121.08 44.38-121.08 124.72v70.62H22.89V288h81.39v224h100.17V288z\"><\/path><\/svg>\t\t\t<\/a>\n\t\t<\/div>\n\t\t\t\t\t\t<\/div>\n\t\t\t\t<\/div>\n\t\t\t\t<\/div>\n\t\t\t\t\t<\/div>\n\t\t\t\t<\/div>\n\t\t\t\t<\/div>\n\t\t","protected":false},"excerpt":{"rendered":"<p>Situation &amp; Acc\u00e8s Un emplacement d\u2019exception entre ciel et mer Notre camping est situ\u00e9 sur les hauteurs du Tr\u00e9port, dans un environnement calme et arbor\u00e9.Facile d&rsquo;acc\u00e8s, il constitue un point de d\u00e9part id\u00e9al pour partir \u00e0 la d\u00e9couverte de la c\u00f4te normande. Adresse du camping Camping du Parc International du Golf 102 route de Dieppe 76470 Le Tr\u00e9port France Les coordonn\u00e9es GPS du camping sont : Latitude : 50.051742009843\u200b Longitude : 1.367514962967 Comment venir au camping ? \ud83d\ude97 En voitureDepuis Paris : environ 2h30 via l\u2019A16. Depuis Rouen : environ 1h30 via l\u2019A28 et la D925. Depuis Amiens : environ 1h15 via l\u2019A28. Un parking est disponible \u00e0 l\u2019entr\u00e9e du camping. \ud83d\ude82 En train Gare SNCF du Tr\u00e9port-Mers-les-Bains, situ\u00e9e \u00e0 quelques minutes du camping. Des liaisons directes sont possibles depuis Paris (via Beauvais ou Abbeville) et Rouen. Une fois arriv\u00e9 \u00e0 la gare, vous pouvez prendre un taxi ou utiliser les transports locaux pour rejoindre le camping. \ud83d\ude8c En bus Des lignes de bus r\u00e9guli\u00e8res desservent la r\u00e9gion et permettent d\u2019acc\u00e9der facilement au camping depuis Le Tr\u00e9port, Dieppe ou Abbeville. \u2708 En avion A\u00e9roport de Beauvais-Till\u00e9 (\u00e0 environ 1h30 en voiture). A\u00e9roport de Rouen Vall\u00e9e de Seine (\u00e0 environ 1h40). prenez contact Vous avez une question ?Vous souhaitez r\u00e9server un emplacement ou un mobil-home ?N&rsquo;h\u00e9sitez pas \u00e0 nous contacter ! R\u00c9SERVEZ<\/p>\n","protected":false},"author":1,"featured_media":0,"parent":0,"menu_order":7,"comment_status":"closed","ping_status":"closed","template":"elementor_header_footer","meta":{"footnotes":""},"class_list":["post-996","page","type-page","status-publish","hentry"],"aioseo_notices":[],"_links":{"self":[{"href":"https:\/\/www.campings-treport.com\/camping-letreport\/wp-json\/wp\/v2\/pages\/996","targetHints":{"allow":["GET"]}}],"collection":[{"href":"https:\/\/www.campings-treport.com\/camping-letreport\/wp-json\/wp\/v2\/pages"}],"about":[{"href":"https:\/\/www.campings-treport.com\/camping-letreport\/wp-json\/wp\/v2\/types\/page"}],"author":[{"embeddable":true,"href":"https:\/\/www.campings-treport.com\/camping-letreport\/wp-json\/wp\/v2\/users\/1"}],"replies":[{"embeddable":true,"href":"https:\/\/www.campings-treport.com\/camping-letreport\/wp-json\/wp\/v2\/comments?post=996"}],"version-history":[{"count":7,"href":"https:\/\/www.campings-treport.com\/camping-letreport\/wp-json\/wp\/v2\/pages\/996\/revisions"}],"predecessor-version":[{"id":1470,"href":"https:\/\/www.campings-treport.com\/camping-letreport\/wp-json\/wp\/v2\/pages\/996\/revisions\/1470"}],"wp:attachment":[{"href":"https:\/\/www.campings-treport.com\/camping-letreport\/wp-json\/wp\/v2\/media?parent=996"}],"curies":[{"name":"wp","href":"https:\/\/api.w.org\/{rel}","templated":true}]}}