{"id":982,"date":"2025-02-18T16:05:27","date_gmt":"2025-02-18T15:05:27","guid":{"rendered":"https:\/\/www.campings-treport.com\/camping-letreport\/home-2\/"},"modified":"2026-03-27T14:53:04","modified_gmt":"2026-03-27T13:53:04","slug":"tarifs-camping-du-parc-international-du-golf-le-treport-normandie","status":"publish","type":"page","link":"https:\/\/www.campings-treport.com\/camping-letreport\/tarifs-camping-du-parc-international-du-golf-le-treport-normandie\/","title":{"rendered":"Tarifs"},"content":{"rendered":"\t\t<div data-elementor-type=\"wp-page\" data-elementor-id=\"982\" class=\"elementor elementor-982\" data-elementor-post-type=\"page\">\n\t\t\t\t<div class=\"elementor-element elementor-element-2a2309a0 e-con-full e-flex wpr-particle-no wpr-jarallax-no wpr-parallax-no wpr-sticky-section-no wpr-equal-height-no e-con e-parent\" data-id=\"2a2309a0\" data-element_type=\"container\" data-e-type=\"container\">\n\t\t<div class=\"elementor-element elementor-element-5b5546d6 e-con-full animated-slow e-flex wpr-particle-no wpr-jarallax-no wpr-parallax-no wpr-sticky-section-no wpr-equal-height-no elementor-invisible e-con e-child\" data-id=\"5b5546d6\" data-element_type=\"container\" data-e-type=\"container\" data-settings=\"{&quot;background_background&quot;:&quot;classic&quot;,&quot;animation&quot;:&quot;fadeInRight&quot;}\">\n\t\t\t\t<div class=\"elementor-element elementor-element-b9f9f31 elementor-widget elementor-widget-heading\" data-id=\"b9f9f31\" data-element_type=\"widget\" data-e-type=\"widget\" data-widget_type=\"heading.default\">\n\t\t\t\t<div class=\"elementor-widget-container\">\n\t\t\t\t\t<h2 class=\"elementor-heading-title elementor-size-default\">Les tarifs<\/h2>\t\t\t\t<\/div>\n\t\t\t\t<\/div>\n\t\t\t\t<\/div>\n\t\t\t\t<\/div>\n\t\t<div class=\"elementor-element elementor-element-efd6584 e-flex e-con-boxed wpr-particle-no wpr-jarallax-no wpr-parallax-no wpr-sticky-section-no wpr-equal-height-no e-con e-parent\" data-id=\"efd6584\" data-element_type=\"container\" data-e-type=\"container\" data-settings=\"{&quot;background_background&quot;:&quot;classic&quot;}\">\n\t\t\t\t\t<div class=\"e-con-inner\">\n\t\t\t\t<div class=\"elementor-element elementor-element-1eb2bff elementor-widget elementor-widget-image\" data-id=\"1eb2bff\" data-element_type=\"widget\" data-e-type=\"widget\" data-widget_type=\"image.default\">\n\t\t\t\t<div class=\"elementor-widget-container\">\n\t\t\t\t\t\t\t\t\t\t\t\t\t\t\t<img fetchpriority=\"high\" decoding=\"async\" width=\"1500\" height=\"2515\" src=\"https:\/\/www.campings-treport.com\/camping-letreport\/wp-content\/uploads\/2025\/03\/camping-golf-francais.jpg\" class=\"attachment-full size-full wp-image-1098\" alt=\"\" srcset=\"https:\/\/www.campings-treport.com\/camping-letreport\/wp-content\/uploads\/2025\/03\/camping-golf-francais.jpg 1500w, https:\/\/www.campings-treport.com\/camping-letreport\/wp-content\/uploads\/2025\/03\/camping-golf-francais-179x300.jpg 179w, https:\/\/www.campings-treport.com\/camping-letreport\/wp-content\/uploads\/2025\/03\/camping-golf-francais-611x1024.jpg 611w, https:\/\/www.campings-treport.com\/camping-letreport\/wp-content\/uploads\/2025\/03\/camping-golf-francais-768x1288.jpg 768w, https:\/\/www.campings-treport.com\/camping-letreport\/wp-content\/uploads\/2025\/03\/camping-golf-francais-916x1536.jpg 916w, https:\/\/www.campings-treport.com\/camping-letreport\/wp-content\/uploads\/2025\/03\/camping-golf-francais-1221x2048.jpg 1221w\" sizes=\"(max-width: 1500px) 100vw, 1500px\" \/>\t\t\t\t\t\t\t\t\t\t\t\t\t\t\t<\/div>\n\t\t\t\t<\/div>\n\t\t\t\t<div class=\"elementor-element elementor-element-77d5e434 elementor-widget__width-initial elementor-widget elementor-widget-text-editor\" data-id=\"77d5e434\" data-element_type=\"widget\" data-e-type=\"widget\" data-widget_type=\"text-editor.default\">\n\t\t\t\t<div class=\"elementor-widget-container\">\n\t\t\t\t\t\t\t\t\t<p>Notre camping est \u00e9quip\u00e9 de bornes WIFI Nos sanitaires sont \u00e9quip\u00e9s pour les personnes \u00e0 mobilit\u00e9 r\u00e9duite.<br \/>Notre Camping est ouvert du 15 mai au 30 septembre.<br \/>De 8h \u00e0 12 h et de 14h \u00e0 20h.<\/p>\t\t\t\t\t\t\t\t<\/div>\n\t\t\t\t<\/div>\n\t\t\t\t\t<\/div>\n\t\t\t\t<\/div>\n\t\t<div class=\"elementor-element elementor-element-2a3f2f6c e-flex e-con-boxed wpr-particle-no wpr-jarallax-no wpr-parallax-no wpr-sticky-section-no wpr-equal-height-no e-con e-parent\" data-id=\"2a3f2f6c\" data-element_type=\"container\" data-e-type=\"container\" data-settings=\"{&quot;background_background&quot;:&quot;classic&quot;}\">\n\t\t\t\t\t<div class=\"e-con-inner\">\n\t\t<div class=\"elementor-element elementor-element-4c4c7cfb e-con-full e-flex wpr-particle-no wpr-jarallax-no wpr-parallax-no wpr-sticky-section-no wpr-equal-height-no e-con e-child\" data-id=\"4c4c7cfb\" data-element_type=\"container\" data-e-type=\"container\">\n\t\t\t\t<div class=\"elementor-element elementor-element-fe0630e elementor-widget elementor-widget-heading\" data-id=\"fe0630e\" data-element_type=\"widget\" data-e-type=\"widget\" data-widget_type=\"heading.default\">\n\t\t\t\t<div class=\"elementor-widget-container\">\n\t\t\t\t\t<h2 class=\"elementor-heading-title elementor-size-default\">Prenez contact ET R\u00c9SERVEZ<\/h2>\t\t\t\t<\/div>\n\t\t\t\t<\/div>\n\t\t\t\t<div class=\"elementor-element elementor-element-38d4f38 elementor-widget elementor-widget-text-editor\" data-id=\"38d4f38\" data-element_type=\"widget\" data-e-type=\"widget\" data-widget_type=\"text-editor.default\">\n\t\t\t\t<div class=\"elementor-widget-container\">\n\t\t\t\t\t\t\t\t\t<p>Vous avez une question ?<br \/>Vous souhaitez r\u00e9server un emplacement ou un mobil-home ?<br \/>N&rsquo;h\u00e9sitez pas \u00e0 nous contacter !<\/p>\t\t\t\t\t\t\t\t<\/div>\n\t\t\t\t<\/div>\n\t\t\t\t<\/div>\n\t\t<div class=\"elementor-element elementor-element-112878dd e-con-full animated-slow e-flex wpr-particle-no wpr-jarallax-no wpr-parallax-no wpr-sticky-section-no wpr-equal-height-no elementor-invisible e-con e-child\" data-id=\"112878dd\" data-element_type=\"container\" data-e-type=\"container\" data-settings=\"{&quot;animation&quot;:&quot;fadeInRight&quot;}\">\n\t\t\t\t<div class=\"elementor-element elementor-element-a8fb63f elementor-align-left elementor-widget elementor-widget-button\" data-id=\"a8fb63f\" data-element_type=\"widget\" data-e-type=\"widget\" data-widget_type=\"button.default\">\n\t\t\t\t<div class=\"elementor-widget-container\">\n\t\t\t\t\t\t\t\t\t<div class=\"elementor-button-wrapper\">\n\t\t\t\t\t<a class=\"elementor-button elementor-button-link elementor-size-sm\" href=\"https:\/\/www.campings-treport.com\/camping-letreport\/contact-camping-du-parc-international-du-golf-le-treport-normandie\/\">\n\t\t\t\t\t\t<span class=\"elementor-button-content-wrapper\">\n\t\t\t\t\t\t\t\t\t<span class=\"elementor-button-text\">R\u00c9SERVEZ<\/span>\n\t\t\t\t\t<\/span>\n\t\t\t\t\t<\/a>\n\t\t\t\t<\/div>\n\t\t\t\t\t\t\t\t<\/div>\n\t\t\t\t<\/div>\n\t\t\t\t<\/div>\n\t\t\t\t\t<\/div>\n\t\t\t\t<\/div>\n\t\t<div class=\"elementor-element elementor-element-bbd09df e-flex e-con-boxed wpr-particle-no wpr-jarallax-no wpr-parallax-no wpr-sticky-section-no wpr-equal-height-no e-con e-parent\" data-id=\"bbd09df\" data-element_type=\"container\" data-e-type=\"container\">\n\t\t\t\t\t<div class=\"e-con-inner\">\n\t\t<div class=\"elementor-element elementor-element-761d92d e-con-full e-flex wpr-particle-no wpr-jarallax-no wpr-parallax-no wpr-sticky-section-no wpr-equal-height-no e-con e-child\" data-id=\"761d92d\" data-element_type=\"container\" data-e-type=\"container\">\n\t\t\t\t<div class=\"elementor-element elementor-element-a03f4d4 elementor-view-default elementor-widget elementor-widget-icon\" data-id=\"a03f4d4\" data-element_type=\"widget\" data-e-type=\"widget\" data-widget_type=\"icon.default\">\n\t\t\t\t<div class=\"elementor-widget-container\">\n\t\t\t\t\t\t\t<div class=\"elementor-icon-wrapper\">\n\t\t\t<a class=\"elementor-icon\" href=\"https:\/\/www.facebook.com\/profile.php?id=61559881755537\" target=\"_blank\">\n\t\t\t<svg aria-hidden=\"true\" class=\"e-font-icon-svg e-fab-facebook-f\" viewBox=\"0 0 320 512\" xmlns=\"http:\/\/www.w3.org\/2000\/svg\"><path d=\"M279.14 288l14.22-92.66h-88.91v-60.13c0-25.35 12.42-50.06 52.24-50.06h40.42V6.26S260.43 0 225.36 0c-73.22 0-121.08 44.38-121.08 124.72v70.62H22.89V288h81.39v224h100.17V288z\"><\/path><\/svg>\t\t\t<\/a>\n\t\t<\/div>\n\t\t\t\t\t\t<\/div>\n\t\t\t\t<\/div>\n\t\t\t\t<\/div>\n\t\t\t\t\t<\/div>\n\t\t\t\t<\/div>\n\t\t\t\t<\/div>\n\t\t","protected":false},"excerpt":{"rendered":"<p>Les tarifs Notre camping est \u00e9quip\u00e9 de bornes WIFI Nos sanitaires sont \u00e9quip\u00e9s pour les personnes \u00e0 mobilit\u00e9 r\u00e9duite.Notre Camping est ouvert du 15 mai au 30 septembre.De 8h \u00e0 12 h et de 14h \u00e0 20h. Prenez contact ET R\u00c9SERVEZ Vous avez une question ?Vous souhaitez r\u00e9server un emplacement ou un mobil-home ?N&rsquo;h\u00e9sitez pas \u00e0 nous contacter ! R\u00c9SERVEZ<\/p>\n","protected":false},"author":1,"featured_media":0,"parent":0,"menu_order":5,"comment_status":"closed","ping_status":"closed","template":"elementor_header_footer","meta":{"footnotes":""},"class_list":["post-982","page","type-page","status-publish","hentry"],"aioseo_notices":[],"_links":{"self":[{"href":"https:\/\/www.campings-treport.com\/camping-letreport\/wp-json\/wp\/v2\/pages\/982","targetHints":{"allow":["GET"]}}],"collection":[{"href":"https:\/\/www.campings-treport.com\/camping-letreport\/wp-json\/wp\/v2\/pages"}],"about":[{"href":"https:\/\/www.campings-treport.com\/camping-letreport\/wp-json\/wp\/v2\/types\/page"}],"author":[{"embeddable":true,"href":"https:\/\/www.campings-treport.com\/camping-letreport\/wp-json\/wp\/v2\/users\/1"}],"replies":[{"embeddable":true,"href":"https:\/\/www.campings-treport.com\/camping-letreport\/wp-json\/wp\/v2\/comments?post=982"}],"version-history":[{"count":10,"href":"https:\/\/www.campings-treport.com\/camping-letreport\/wp-json\/wp\/v2\/pages\/982\/revisions"}],"predecessor-version":[{"id":1464,"href":"https:\/\/www.campings-treport.com\/camping-letreport\/wp-json\/wp\/v2\/pages\/982\/revisions\/1464"}],"wp:attachment":[{"href":"https:\/\/www.campings-treport.com\/camping-letreport\/wp-json\/wp\/v2\/media?parent=982"}],"curies":[{"name":"wp","href":"https:\/\/api.w.org\/{rel}","templated":true}]}}