{"id":1136,"date":"2025-02-18T16:05:27","date_gmt":"2025-02-18T15:05:27","guid":{"rendered":"https:\/\/www.campings-treport.com\/camping-letreport\/emplacements-camping-du-parc-international-du-golf-le-treport-normandie-2\/"},"modified":"2026-03-27T14:37:29","modified_gmt":"2026-03-27T13:37:29","slug":"politique-de-confidentialite-camping-du-parc-international-du-golf-le-treport-normandie","status":"publish","type":"page","link":"https:\/\/www.campings-treport.com\/camping-letreport\/politique-de-confidentialite-camping-du-parc-international-du-golf-le-treport-normandie\/","title":{"rendered":"Politique de confidentialit\u00e9"},"content":{"rendered":"\t\t<div data-elementor-type=\"wp-page\" data-elementor-id=\"1136\" class=\"elementor elementor-1136\" data-elementor-post-type=\"page\">\n\t\t\t\t<div class=\"elementor-element elementor-element-2a2309a0 e-con-full e-flex wpr-particle-no wpr-jarallax-no wpr-parallax-no wpr-sticky-section-no wpr-equal-height-no e-con e-parent\" data-id=\"2a2309a0\" data-element_type=\"container\" data-e-type=\"container\" data-settings=\"{&quot;background_background&quot;:&quot;slideshow&quot;,&quot;background_slideshow_gallery&quot;:[{&quot;id&quot;:685,&quot;url&quot;:&quot;https:\\\/\\\/www.campings-treport.com\\\/camping-letreport\\\/wp-content\\\/uploads\\\/2025\\\/03\\\/slider2.png&quot;}],&quot;background_slideshow_slide_duration&quot;:5000,&quot;background_slideshow_slide_transition&quot;:&quot;fade&quot;,&quot;background_slideshow_transition_duration&quot;:500}\">\n\t\t<div class=\"elementor-element elementor-element-5b5546d6 e-con-full animated-slow e-flex wpr-particle-no wpr-jarallax-no wpr-parallax-no wpr-sticky-section-no wpr-equal-height-no elementor-invisible e-con e-child\" data-id=\"5b5546d6\" data-element_type=\"container\" data-e-type=\"container\" data-settings=\"{&quot;background_background&quot;:&quot;classic&quot;,&quot;animation&quot;:&quot;fadeInRight&quot;}\">\n\t\t\t\t<div class=\"elementor-element elementor-element-f84aff2 elementor-widget elementor-widget-heading\" data-id=\"f84aff2\" data-element_type=\"widget\" data-e-type=\"widget\" data-widget_type=\"heading.default\">\n\t\t\t\t<div class=\"elementor-widget-container\">\n\t\t\t\t\t<h2 class=\"elementor-heading-title elementor-size-default\"><a href=\"https:\/\/www.campings-treport.com\/camping-letreport\/emplacements-camping-du-parc-international-du-golf-le-treport-normandie\/\">Politique de confidentialit\u00e9<\/a><\/h2>\t\t\t\t<\/div>\n\t\t\t\t<\/div>\n\t\t\t\t<\/div>\n\t\t\t\t<\/div>\n\t\t\t\t<section class=\"elementor-section elementor-top-section elementor-element elementor-element-23ac36c8 elementor-section-boxed elementor-section-height-default elementor-section-height-default wpr-particle-no wpr-jarallax-no wpr-parallax-no wpr-sticky-section-no wpr-equal-height-no\" data-id=\"23ac36c8\" data-element_type=\"section\" data-e-type=\"section\" data-settings=\"{&quot;background_background&quot;:&quot;classic&quot;}\">\n\t\t\t\t\t\t<div class=\"elementor-container elementor-column-gap-no\">\n\t\t\t\t\t<div class=\"elementor-column elementor-col-100 elementor-top-column elementor-element elementor-element-6a0fd3ed\" data-id=\"6a0fd3ed\" data-element_type=\"column\" data-e-type=\"column\">\n\t\t\t<div class=\"elementor-widget-wrap elementor-element-populated\">\n\t\t\t\t\t\t<div class=\"elementor-element elementor-element-26098d16 elementor-widget elementor-widget-spacer\" data-id=\"26098d16\" data-element_type=\"widget\" data-e-type=\"widget\" data-widget_type=\"spacer.default\">\n\t\t\t\t<div class=\"elementor-widget-container\">\n\t\t\t\t\t\t\t<div class=\"elementor-spacer\">\n\t\t\t<div class=\"elementor-spacer-inner\"><\/div>\n\t\t<\/div>\n\t\t\t\t\t\t<\/div>\n\t\t\t\t<\/div>\n\t\t\t\t<div class=\"elementor-element elementor-element-2db0ddd3 elementor-widget-divider--view-line elementor-widget elementor-widget-divider\" data-id=\"2db0ddd3\" data-element_type=\"widget\" data-e-type=\"widget\" data-widget_type=\"divider.default\">\n\t\t\t\t<div class=\"elementor-widget-container\">\n\t\t\t\t\t\t\t<div class=\"elementor-divider\">\n\t\t\t<span class=\"elementor-divider-separator\">\n\t\t\t\t\t\t<\/span>\n\t\t<\/div>\n\t\t\t\t\t\t<\/div>\n\t\t\t\t<\/div>\n\t\t\t\t<div class=\"elementor-element elementor-element-1aada11c elementor-widget elementor-widget-text-editor\" data-id=\"1aada11c\" data-element_type=\"widget\" data-e-type=\"widget\" data-widget_type=\"text-editor.default\">\n\t\t\t\t<div class=\"elementor-widget-container\">\n\t\t\t\t\t\t\t\t\t<p><strong>Le camping du Parc International du Golf<\/strong>\u00a0place la protection des donn\u00e9es \u00e0 caract\u00e8re personnel au c\u0153ur des services qui vous sont propos\u00e9s.<\/p>\t\t\t\t\t\t\t\t<\/div>\n\t\t\t\t<\/div>\n\t\t\t\t<section class=\"elementor-section elementor-inner-section elementor-element elementor-element-25cc5da4 elementor-section-content-middle elementor-section-boxed elementor-section-height-default elementor-section-height-default wpr-particle-no wpr-jarallax-no wpr-parallax-no wpr-sticky-section-no wpr-equal-height-no\" data-id=\"25cc5da4\" data-element_type=\"section\" data-e-type=\"section\">\n\t\t\t\t\t\t<div class=\"elementor-container elementor-column-gap-no\">\n\t\t\t\t\t<div class=\"elementor-column elementor-col-66 elementor-inner-column elementor-element elementor-element-530fd259\" data-id=\"530fd259\" data-element_type=\"column\" data-e-type=\"column\">\n\t\t\t<div class=\"elementor-widget-wrap elementor-element-populated\">\n\t\t\t\t\t\t<div class=\"elementor-element elementor-element-7a6a9fa4 elementor-widget elementor-widget-image\" data-id=\"7a6a9fa4\" data-element_type=\"widget\" data-e-type=\"widget\" data-widget_type=\"image.default\">\n\t\t\t\t<div class=\"elementor-widget-container\">\n\t\t\t\t\t\t\t\t\t\t\t\t\t\t\t<img fetchpriority=\"high\" decoding=\"async\" width=\"800\" height=\"420\" src=\"https:\/\/www.campings-treport.com\/camping-letreport\/wp-content\/uploads\/2025\/03\/rgpd-bilan-1-an-fb-1024x538.jpg\" class=\"attachment-large size-large wp-image-1138\" alt=\"\" srcset=\"https:\/\/www.campings-treport.com\/camping-letreport\/wp-content\/uploads\/2025\/03\/rgpd-bilan-1-an-fb-1024x538.jpg 1024w, https:\/\/www.campings-treport.com\/camping-letreport\/wp-content\/uploads\/2025\/03\/rgpd-bilan-1-an-fb-300x158.jpg 300w, https:\/\/www.campings-treport.com\/camping-letreport\/wp-content\/uploads\/2025\/03\/rgpd-bilan-1-an-fb-768x403.jpg 768w, https:\/\/www.campings-treport.com\/camping-letreport\/wp-content\/uploads\/2025\/03\/rgpd-bilan-1-an-fb.jpg 1200w\" sizes=\"(max-width: 800px) 100vw, 800px\" \/>\t\t\t\t\t\t\t\t\t\t\t\t\t\t\t<\/div>\n\t\t\t\t<\/div>\n\t\t\t\t\t<\/div>\n\t\t<\/div>\n\t\t\t\t<div class=\"elementor-column elementor-col-33 elementor-inner-column elementor-element elementor-element-7c03fdd2\" data-id=\"7c03fdd2\" data-element_type=\"column\" data-e-type=\"column\" data-settings=\"{&quot;background_background&quot;:&quot;classic&quot;}\">\n\t\t\t<div class=\"elementor-widget-wrap elementor-element-populated\">\n\t\t\t\t\t\t<div class=\"elementor-element elementor-element-1bba4e91 elementor-widget elementor-widget-heading\" data-id=\"1bba4e91\" data-element_type=\"widget\" data-e-type=\"widget\" data-widget_type=\"heading.default\">\n\t\t\t\t<div class=\"elementor-widget-container\">\n\t\t\t\t\t<h2 class=\"elementor-heading-title elementor-size-default\">Politique de confidentialit\u00e9<\/h2>\t\t\t\t<\/div>\n\t\t\t\t<\/div>\n\t\t\t\t<div class=\"elementor-element elementor-element-632a93e2 elementor-widget-divider--view-line elementor-widget elementor-widget-divider\" data-id=\"632a93e2\" data-element_type=\"widget\" data-e-type=\"widget\" data-widget_type=\"divider.default\">\n\t\t\t\t<div class=\"elementor-widget-container\">\n\t\t\t\t\t\t\t<div class=\"elementor-divider\">\n\t\t\t<span class=\"elementor-divider-separator\">\n\t\t\t\t\t\t<\/span>\n\t\t<\/div>\n\t\t\t\t\t\t<\/div>\n\t\t\t\t<\/div>\n\t\t\t\t<div class=\"elementor-element elementor-element-442bd93f elementor-widget elementor-widget-text-editor\" data-id=\"442bd93f\" data-element_type=\"widget\" data-e-type=\"widget\" data-widget_type=\"text-editor.default\">\n\t\t\t\t<div class=\"elementor-widget-container\">\n\t\t\t\t\t\t\t\t\t<p>La pr\u00e9sente politique \u00e9nonce les principes et lignes directrices pour la protection de vos donn\u00e9es \u00e0 caract\u00e8re personnel et a pour objectif de vous informer sur :<\/p><ul><li>Les donn\u00e9es personnelles que <strong>Le camping du Parc International du Golf<\/strong>\u00a0traite et les raisons de ce traitement,<\/li><li>La fa\u00e7on dont sont utilis\u00e9es ces donn\u00e9es personnelles,<\/li><li>Vos droits sur les donn\u00e9es personnelles vous concernant.<\/li><\/ul><p>La pr\u00e9sente Politique a \u00e9t\u00e9 mise \u00e0 jour en mai 2019.<br \/>Nous nous r\u00e9servons le droit de la modifier \u00e0 tout moment afin de vous fournir une information \u00e0 jour sur la fa\u00e7on dont les donn\u00e9es sont collect\u00e9es et trait\u00e9es ou suites \u00e0 des \u00e9volutions l\u00e9gislatives et r\u00e9glementaires.<\/p><p><strong>Marketing<\/strong><br \/><strong>Le camping du Parc International du Golf <\/strong>les informations n\u00e9cessaires (nom, pr\u00e9nom, adresse, courrier \u00e9lectronique) pour les finalit\u00e9s suivantes :<\/p><ul><li>La r\u00e9alisation d\u2019enqu\u00eate de satisfaction ;<\/li><li>La gestion des r\u00e9clamations et de demandes d\u2019informations ;<\/li><li>La gestion d\u2019op\u00e9ration marketing, de segmentation, de ciblage, de profilage ;<\/li><li>l\u2019envoi de communication, d\u2019offres commerciales et de prospection ;<\/li><li>La mise en place de jeux concours.<\/li><\/ul><p>Concernant les communications \u00e9lectroniques, il est toujours possible de proc\u00e9der \u00e0 sa d\u00e9sinscription soit en cliquant sur \u00ab se d\u00e9sinscrire \u00bb soit en envoyant un courrier \u00e9lectronique \u00e0 l\u2019adresse : scierieducabalet@wanadoo.fr<\/p><p>L\u2019utilisation des donn\u00e9es et informations telles que d\u00e9crite ci-dessus est autoris\u00e9e par la r\u00e9glementation applicable \u00e0 la protection des donn\u00e9es personnelles (RGPD).<\/p><p>Le traitement des donn\u00e9es \u00e0 caract\u00e8re personnel \u00e0 des fins de prospection commerciale et de marketing est fond\u00e9 sur l\u2019int\u00e9r\u00eat l\u00e9gitime de <strong>Le camping du Parc International du Golf<\/strong>.<\/p><p>Le traitement des donn\u00e9es \u00e0 caract\u00e8re personnel pour la participation aux jeux-concours est fond\u00e9e sur le consentement du Client.<\/p><p><strong>Produits vendus par<\/strong> <strong>Le camping du Parc International du Golf<\/strong><strong>\u00a0:<\/strong><br \/><strong>Le camping du Parc International du Golf<\/strong> traite vos donn\u00e9es \u00e0 caract\u00e8re personnel afin d\u2019ex\u00e9cuter et de g\u00e9rer le(s) contrat(s) que vous avez souscrits.<br \/>Ceci comprend :<\/p><ul><li>la gestion de votre compte ;<\/li><li>la fourniture et la gestion du ou des produit(s) souscrit(s) ;<\/li><li>le traitement de vos demandes ;<\/li><li>la facturation du ou des produit(s) et proc\u00e9dure de recouvrements.<\/li><\/ul><p>Ces traitements sont bas\u00e9s sur la r\u00e9alisation du contrat que vous avez souscrit.<\/p><p>Les donn\u00e9es que nous traitons sont conserv\u00e9es le temps n\u00e9cessaire \u00e0 la r\u00e9alisation du contrat souscrit, augment\u00e9e de la dur\u00e9e de conservation impos\u00e9e par les r\u00e8gles applicables en mati\u00e8re de prescription l\u00e9gale.<\/p><p>\u00c0 qui sont communiqu\u00e9es vos donn\u00e9es personnelles ?<br \/>Pour les besoins de la gestion du contrat et de l\u2019ex\u00e9cution des prestations que vous avez souscrits, vos donn\u00e9es sont susceptibles d\u2019\u00eatre transmises :<\/p><ul><li>\u00c0 des services internes \u00e0 <strong>Le camping du Parc International du Golf<\/strong>\u00a0: les directions qui sont en charge de l\u2019ex\u00e9cution des services souscrits, notamment services de support et maintenance, de relations clients, comptabilit\u00e9 ;<\/li><li>\u00c0 des prestataires externes \u00e0 <strong>Le camping du Parc International du Golf<\/strong> : les prestataires techniques, y compris des sous-traitants qui fournissent des services ou une assistance et des conseils \u00e0 <strong>Le camping du Parc International du Golf<\/strong>\u00a0;<\/li><li>\u00c0 des organismes externes : les organismes publics dans le cadre des obligations l\u00e9gales ;<\/li><li>Sur demande, elles peuvent \u00e9galement \u00eatre transf\u00e9r\u00e9es aux personnes et autorit\u00e9s dont le droit d\u2019acc\u00e8s aux donn\u00e9es \u00e0 caract\u00e8re personnel est reconnu par la loi, les r\u00e8glements ou les dispositions \u00e9manant d\u2019autorit\u00e9s habilit\u00e9es par la loi.<\/li><\/ul><p>O\u00f9 sont vos donn\u00e9es personnelles ?<br \/>L\u2019ensemble des traitements de vos donn\u00e9es personnelles sont r\u00e9alis\u00e9s sur le territoire de l\u2019Union europ\u00e9enne (UE).<br \/>Cependant s\u2019il arrivait qu\u2019un sous-traitant ou partenaire de <strong>Le camping du Parc International du Golf<\/strong> se situe en dehors de l\u2019Union europ\u00e9enne et que ce sous-traitant ou partenaire se trouve dans un pays qui n\u2019a pas \u00e9t\u00e9 reconnu comme assurant un niveau de protection ad\u00e9quat, <strong>Le camping du Parc International du Golf<\/strong>\u00a0lui imposerait de se conformer \u00e0 ses exigences de s\u00e9curit\u00e9 et de confidentialit\u00e9 de vos donn\u00e9es personnelles et \u00e0 ne traiter vos donn\u00e9es qu\u2019aux fins qu\u2019elle a d\u00e9termin\u00e9es.<br \/>De tels sous-traitants et partenaires auront pr\u00e9alablement sign\u00e9 les clauses contractuelles types de la Commission europ\u00e9enne.<\/p><p><strong>Comment sont s\u00e9curis\u00e9es vos donn\u00e9es personnelles ?<\/strong><br \/><strong>Le camping du Parc International du Golf<\/strong> s\u2019engage \u00e0 mettre en \u0153uvre les moyens techniques et organisationnels n\u00e9cessaires afin d\u2019assurer la s\u00e9curit\u00e9 des donn\u00e9es personnelles contre le vol, la perte, la divulgation ou la modification non autoris\u00e9e en fonction de la sensibilit\u00e9 des donn\u00e9es.<br \/><strong>Le camping du Parc International du Golf<\/strong> s\u2019engage \u00e0 prendre en compte la protection de vos donn\u00e9es personnelles et de votre vie priv\u00e9e d\u00e8s la conception des nouveaux produits ou services qui vous sont propos\u00e9s.<\/p><p>Exercer vos droits sur vos donn\u00e9es personnelles<br \/>Vous pouvez \u00e0 tout moment demander \u00e0 exercer vos droits d\u2019acc\u00e8s, de rectification, d\u2019opposition, d\u2019effacement, de limitation, de portabilit\u00e9 aupr\u00e8s de <strong>Le camping du Parc International du Golf<\/strong>\u00a0comme pr\u00e9vu dans la r\u00e9glementation en vigueur sous r\u00e9serve d\u2019en remplir les conditions.<br \/>Ces demandes peuvent \u00eatre adress\u00e9es par courrier \u00e0 :<br \/><em><strong>D\u00e9l\u00e9gu\u00e9 \u00e0 la Protection des Donn\u00e9es : 102 route de Dieppe 76470 Le Tr\u00e9port<\/strong><\/em><br \/>ou par message \u00e9lectronique\u00a0<em><strong>evergreen76470@orange.fr<\/strong><\/em><\/p><p>Toute demande doit \u00eatre accompagn\u00e9e d\u2019un justificatif d\u2019identit\u00e9.<\/p><p>Soumettre une plainte aupr\u00e8s de la CNIL<br \/>Si vous estimez que nous n\u2019avons pas trait\u00e9 vos Donn\u00e9es conform\u00e9ment \u00e0 la r\u00e9glementation en mati\u00e8re de protection des Donn\u00e9es personnelles, vous avez la possibilit\u00e9 d\u2019introduire une plainte aupr\u00e8s de la CNIL :\u00a0<a href=\"https:\/\/www.cnil.fr\/fr\/plaintes.\" target=\"_blank\" rel=\"noopener\">https:\/\/www.cnil.fr\/fr\/plaintes.<\/a><\/p>\t\t\t\t\t\t\t\t<\/div>\n\t\t\t\t<\/div>\n\t\t\t\t\t<\/div>\n\t\t<\/div>\n\t\t\t\t\t<\/div>\n\t\t<\/section>\n\t\t\t\t\t<\/div>\n\t\t<\/div>\n\t\t\t\t\t<\/div>\n\t\t<\/section>\n\t\t\t\t<\/div>\n\t\t","protected":false},"excerpt":{"rendered":"<p>Politique de confidentialit\u00e9 Le camping du Parc International du Golf\u00a0place la protection des donn\u00e9es \u00e0 caract\u00e8re personnel au c\u0153ur des services qui vous sont propos\u00e9s. Politique de confidentialit\u00e9 La pr\u00e9sente politique \u00e9nonce les principes et lignes directrices pour la protection de vos donn\u00e9es \u00e0 caract\u00e8re personnel et a pour objectif de vous informer sur : Les donn\u00e9es personnelles que Le camping du Parc International du Golf\u00a0traite et les raisons de ce traitement, La fa\u00e7on dont sont utilis\u00e9es ces donn\u00e9es personnelles, Vos droits sur les donn\u00e9es personnelles vous concernant. La pr\u00e9sente Politique a \u00e9t\u00e9 mise \u00e0 jour en mai 2019.Nous nous r\u00e9servons le droit de la modifier \u00e0 tout moment afin de vous fournir une information \u00e0 jour sur la fa\u00e7on dont les donn\u00e9es sont collect\u00e9es et trait\u00e9es ou suites \u00e0 des \u00e9volutions l\u00e9gislatives et r\u00e9glementaires. MarketingLe camping du Parc International du Golf les informations n\u00e9cessaires (nom, pr\u00e9nom, adresse, courrier \u00e9lectronique) pour les finalit\u00e9s suivantes : La r\u00e9alisation d\u2019enqu\u00eate de satisfaction ; La gestion des r\u00e9clamations et de demandes d\u2019informations ; La gestion d\u2019op\u00e9ration marketing, de segmentation, de ciblage, de profilage ; l\u2019envoi de communication, d\u2019offres commerciales et de prospection ; La mise en place de jeux concours. Concernant les communications \u00e9lectroniques, il est toujours possible de proc\u00e9der \u00e0 sa d\u00e9sinscription soit en cliquant sur \u00ab se d\u00e9sinscrire \u00bb soit en envoyant un courrier \u00e9lectronique \u00e0 l\u2019adresse : scierieducabalet@wanadoo.fr L\u2019utilisation des donn\u00e9es et informations telles que d\u00e9crite ci-dessus est autoris\u00e9e par la r\u00e9glementation applicable \u00e0 la protection des donn\u00e9es personnelles (RGPD). Le traitement des donn\u00e9es \u00e0 caract\u00e8re personnel \u00e0 des fins de prospection commerciale et de marketing est fond\u00e9 sur l\u2019int\u00e9r\u00eat l\u00e9gitime de Le camping du Parc International du Golf. Le traitement des donn\u00e9es \u00e0 caract\u00e8re personnel pour la participation aux jeux-concours est fond\u00e9e sur le consentement du Client. Produits vendus par Le camping du Parc International du Golf\u00a0:Le camping du Parc International du Golf traite vos donn\u00e9es \u00e0 caract\u00e8re personnel afin d\u2019ex\u00e9cuter et de g\u00e9rer le(s) contrat(s) que vous avez souscrits.Ceci comprend : la gestion de votre compte ; la fourniture et la gestion du ou des produit(s) souscrit(s) ; le traitement de vos demandes ; la facturation du ou des produit(s) et proc\u00e9dure de recouvrements. Ces traitements sont bas\u00e9s sur la r\u00e9alisation du contrat que vous avez souscrit. Les donn\u00e9es que nous traitons sont conserv\u00e9es le temps n\u00e9cessaire \u00e0 la r\u00e9alisation du contrat souscrit, augment\u00e9e de la dur\u00e9e de conservation impos\u00e9e par les r\u00e8gles applicables en mati\u00e8re de prescription l\u00e9gale. \u00c0 qui sont communiqu\u00e9es vos donn\u00e9es personnelles ?Pour les besoins de la gestion du contrat et de l\u2019ex\u00e9cution des prestations que vous avez souscrits, vos donn\u00e9es sont susceptibles d\u2019\u00eatre transmises : \u00c0 des services internes \u00e0 Le camping du Parc International du Golf\u00a0: les directions qui sont en charge de l\u2019ex\u00e9cution des services souscrits, notamment services de support et maintenance, de relations clients, comptabilit\u00e9 ; \u00c0 des prestataires externes \u00e0 Le camping du Parc International du Golf : les prestataires techniques, y compris des sous-traitants qui fournissent des services ou une assistance et des conseils \u00e0 Le camping du Parc International du Golf\u00a0; \u00c0 des organismes externes : les organismes publics dans le cadre des obligations l\u00e9gales ; Sur demande, elles peuvent \u00e9galement \u00eatre transf\u00e9r\u00e9es aux personnes et autorit\u00e9s dont le droit d\u2019acc\u00e8s aux donn\u00e9es \u00e0 caract\u00e8re personnel est reconnu par la loi, les r\u00e8glements ou les dispositions \u00e9manant d\u2019autorit\u00e9s habilit\u00e9es par la loi. O\u00f9 sont vos donn\u00e9es personnelles ?L\u2019ensemble des traitements de vos donn\u00e9es personnelles sont r\u00e9alis\u00e9s sur le territoire de l\u2019Union europ\u00e9enne (UE).Cependant s\u2019il arrivait qu\u2019un sous-traitant ou partenaire de Le camping du Parc International du Golf se situe en dehors de l\u2019Union europ\u00e9enne et que ce sous-traitant ou partenaire se trouve dans un pays qui n\u2019a pas \u00e9t\u00e9 reconnu comme assurant un niveau de protection ad\u00e9quat, Le camping du Parc International du Golf\u00a0lui imposerait de se conformer \u00e0 ses exigences de s\u00e9curit\u00e9 et de confidentialit\u00e9 de vos donn\u00e9es personnelles et \u00e0 ne traiter vos donn\u00e9es qu\u2019aux fins qu\u2019elle a d\u00e9termin\u00e9es.De tels sous-traitants et partenaires auront pr\u00e9alablement sign\u00e9 les clauses contractuelles types de la Commission europ\u00e9enne. Comment sont s\u00e9curis\u00e9es vos donn\u00e9es personnelles ?Le camping du Parc International du Golf s\u2019engage \u00e0 mettre en \u0153uvre les moyens techniques et organisationnels n\u00e9cessaires afin d\u2019assurer la s\u00e9curit\u00e9 des donn\u00e9es personnelles contre le vol, la perte, la divulgation ou la modification non autoris\u00e9e en fonction de la sensibilit\u00e9 des donn\u00e9es.Le camping du Parc International du Golf s\u2019engage \u00e0 prendre en compte la protection de vos donn\u00e9es personnelles et de votre vie priv\u00e9e d\u00e8s la conception des nouveaux produits ou services qui vous sont propos\u00e9s. Exercer vos droits sur vos donn\u00e9es personnellesVous pouvez \u00e0 tout moment demander \u00e0 exercer vos droits d\u2019acc\u00e8s, de rectification, d\u2019opposition, d\u2019effacement, de limitation, de portabilit\u00e9 aupr\u00e8s de Le camping du Parc International du Golf\u00a0comme pr\u00e9vu dans la r\u00e9glementation en vigueur sous r\u00e9serve d\u2019en remplir les conditions.Ces demandes peuvent \u00eatre adress\u00e9es par courrier \u00e0 :D\u00e9l\u00e9gu\u00e9 \u00e0 la Protection des Donn\u00e9es : 102 route de Dieppe 76470 Le Tr\u00e9portou par message \u00e9lectronique\u00a0evergreen76470@orange.fr Toute demande doit \u00eatre accompagn\u00e9e d\u2019un justificatif d\u2019identit\u00e9. Soumettre une plainte aupr\u00e8s de la CNILSi vous estimez que nous n\u2019avons pas trait\u00e9 vos Donn\u00e9es conform\u00e9ment \u00e0 la r\u00e9glementation en mati\u00e8re de protection des Donn\u00e9es personnelles, vous avez la possibilit\u00e9 d\u2019introduire une plainte aupr\u00e8s de la CNIL :\u00a0https:\/\/www.cnil.fr\/fr\/plaintes.<\/p>\n","protected":false},"author":1,"featured_media":0,"parent":0,"menu_order":10,"comment_status":"closed","ping_status":"closed","template":"elementor_header_footer","meta":{"footnotes":""},"class_list":["post-1136","page","type-page","status-publish","hentry"],"aioseo_notices":[],"_links":{"self":[{"href":"https:\/\/www.campings-treport.com\/camping-letreport\/wp-json\/wp\/v2\/pages\/1136","targetHints":{"allow":["GET"]}}],"collection":[{"href":"https:\/\/www.campings-treport.com\/camping-letreport\/wp-json\/wp\/v2\/pages"}],"about":[{"href":"https:\/\/www.campings-treport.com\/camping-letreport\/wp-json\/wp\/v2\/types\/page"}],"author":[{"embeddable":true,"href":"https:\/\/www.campings-treport.com\/camping-letreport\/wp-json\/wp\/v2\/users\/1"}],"replies":[{"embeddable":true,"href":"https:\/\/www.campings-treport.com\/camping-letreport\/wp-json\/wp\/v2\/comments?post=1136"}],"version-history":[{"count":11,"href":"https:\/\/www.campings-treport.com\/camping-letreport\/wp-json\/wp\/v2\/pages\/1136\/revisions"}],"predecessor-version":[{"id":1151,"href":"https:\/\/www.campings-treport.com\/camping-letreport\/wp-json\/wp\/v2\/pages\/1136\/revisions\/1151"}],"wp:attachment":[{"href":"https:\/\/www.campings-treport.com\/camping-letreport\/wp-json\/wp\/v2\/media?parent=1136"}],"curies":[{"name":"wp","href":"https:\/\/api.w.org\/{rel}","templated":true}]}}